{"id":425,"date":"2024-11-29T11:04:11","date_gmt":"2024-11-29T11:04:11","guid":{"rendered":"https:\/\/goldenratio.at\/?page_id=425"},"modified":"2024-11-29T11:06:38","modified_gmt":"2024-11-29T11:06:38","slug":"impressum","status":"publish","type":"page","link":"https:\/\/goldenratio.at\/de\/impressum\/","title":{"rendered":"Impressum"},"content":{"rendered":"<div data-elementor-type=\"wp-page\" data-elementor-id=\"425\" class=\"elementor elementor-425\" data-elementor-post-type=\"page\">\n\t\t\t\t<div class=\"elementor-element elementor-element-1c20a16 e-flex e-con-boxed e-con e-parent\" data-id=\"1c20a16\" data-element_type=\"container\">\n\t\t\t\t\t<div class=\"e-con-inner\">\n\t\t\t\t<div class=\"elementor-element elementor-element-382f189 elementor-widget elementor-widget-text-editor\" data-id=\"382f189\" data-element_type=\"widget\" data-widget_type=\"text-editor.default\">\n\t\t\t\t<div class=\"elementor-widget-container\">\n\t\t\t\t\t\t\t\t\t<h4>Impressum<\/h4><p><b>Informationen und Offenlegung gem\u00e4\u00df \u00a75 (1) ECG, \u00a7 25 MedienG, \u00a7 63 GewO und \u00a7 14 UGB<\/b><\/p><p><b>Webseitenbetreiber:<\/b>\u00a0Benedict Heinzl<\/p><p><b>Anschrift:<\/b>\u00a0Underreingasse 43, 1140 Wien<\/p><p><b>UID-Nr:<\/b>\u00a0ATU67675688<br \/><b>Gewerbeaufsichtbeh\u00f6rde:<\/b> Wien<\/p><p><b>Kontaktdaten:<\/b><br \/>Telefon: 069919923108<br \/>Email: office@goldenratio.at<br \/><br \/><\/p><p><b>Anwendbare Rechtsvorschrift:<\/b>\u00a0www.ris.bka.gv.at<br \/><b>Berufsbezeichnung:<\/b><\/p><p><b>Online Streitbeilegung:<\/b>\u00a0Verbraucher, welche in \u00d6sterreich oder in einem sonstigen Vertragsstaat der ODR-VO niedergelassen sind, haben die M\u00f6glichkeit Probleme bez\u00fcglich dem entgeltlichen Kauf von Waren oder Dienstleistungen im Rahmen einer Online-Streitbeilegung (nach OS, AStG) zu l\u00f6sen. Die Europa\u0308ische Kommission stellt eine Plattform hierf\u00fcr bereit: https:\/\/ec.europa.eu\/consumers\/odr<\/p><p><b>Urheberrecht:<\/b>\u00a0Die Inhalte dieser Webseite unterliegen, soweit dies rechtlich m\u00f6glich ist, diversen Schutzrechten (z.B dem Urheberrecht). Jegliche Verwendung\/Verbreitung von bereitgestelltem Material, welche urheberrechtlich untersagt ist, bedarf schriftlicher Zustimmung des Webseitenbetreibers.<\/p><p><b>Haftungsausschluss:<\/b>\u00a0Trotz sorgf\u00e4ltiger inhaltlicher Kontrolle \u00fcbernimmt der Webseitenbetreiber dieser Webseite keine Haftung f\u00fcr die Inhalte externer Links. F\u00fcr den Inhalt der verlinkten Seiten sind ausschlie\u00dflich deren Betreiber verantwortlich. Sollten Sie dennoch auf ausgehende Links aufmerksam werden, welche auf eine Webseite mit rechtswidriger T\u00e4tigkeit\/Information verweisen, ersuchen wir um dementsprechenden Hinweis, um diese nach \u00a7 17 Abs. 2 ECG umgehend zu entfernen.<br \/>Die Urheberrechte Dritter werden vom Betreiber dieser Webseite mit gr\u00f6\u00dfter Sorgfalt beachtet. Sollten Sie trotzdem auf eine Urheberrechtsverletzung aufmerksam werden, bitten wir um einen entsprechenden Hinweis. Bei Bekanntwerden derartiger Rechtsverletzungen werden wir den betroffenen Inhalt umgehend entfernen.<\/p><p>Quelle:\u00a0<b><a href=\"https:\/\/www.fairesrecht.at\/kostenlos-impressum-erstellen-generator.php\">Impressum Generator \u00d6sterreich<\/a><\/b><\/p>\t\t\t\t\t\t\t\t<\/div>\n\t\t\t\t<\/div>\n\t\t\t\t\t<\/div>\n\t\t\t\t<\/div>\n\t\t\t\t<\/div>","protected":false},"excerpt":{"rendered":"<p>Impressum Informationen und Offenlegung gem\u00e4\u00df \u00a75 (1) ECG, \u00a7 25 MedienG, \u00a7 63 GewO und \u00a7 14 UGB Webseitenbetreiber:\u00a0Benedict Heinzl Anschrift:\u00a0Underreingasse 43, 1140 Wien UID-Nr:\u00a0ATU67675688Gewerbeaufsichtbeh\u00f6rde: Wien Kontaktdaten:Telefon: 069919923108Email: office@goldenratio.at Anwendbare Rechtsvorschrift:\u00a0www.ris.bka.gv.atBerufsbezeichnung: Online Streitbeilegung:\u00a0Verbraucher, welche in \u00d6sterreich oder in einem sonstigen Vertragsstaat der ODR-VO niedergelassen sind, haben die M\u00f6glichkeit Probleme bez\u00fcglich dem entgeltlichen Kauf von Waren [&hellip;]<\/p>\n","protected":false},"author":1,"featured_media":0,"parent":0,"menu_order":0,"comment_status":"closed","ping_status":"closed","template":"","meta":{"footnotes":""},"class_list":["post-425","page","type-page","status-publish","hentry"],"yoast_head":"<!-- This site is optimized with the Yoast SEO plugin v24.1 - https:\/\/yoast.com\/wordpress\/plugins\/seo\/ -->\n<title>Impressum - Golden Ratio<\/title>\n<meta name=\"robots\" content=\"index, follow, max-snippet:-1, max-image-preview:large, max-video-preview:-1\" \/>\n<link rel=\"canonical\" href=\"https:\/\/goldenratio.at\/de\/impressum\/\" \/>\n<meta property=\"og:locale\" content=\"de_DE\" \/>\n<meta property=\"og:type\" content=\"article\" \/>\n<meta property=\"og:title\" content=\"Impressum - Golden Ratio\" \/>\n<meta property=\"og:description\" content=\"Impressum Informationen und Offenlegung gem\u00e4\u00df \u00a75 (1) ECG, \u00a7 25 MedienG, \u00a7 63 GewO und \u00a7 14 UGB Webseitenbetreiber:\u00a0Benedict Heinzl Anschrift:\u00a0Underreingasse 43, 1140 Wien UID-Nr:\u00a0ATU67675688Gewerbeaufsichtbeh\u00f6rde: Wien Kontaktdaten:Telefon: 069919923108Email: office@goldenratio.at Anwendbare Rechtsvorschrift:\u00a0www.ris.bka.gv.atBerufsbezeichnung: Online Streitbeilegung:\u00a0Verbraucher, welche in \u00d6sterreich oder in einem sonstigen Vertragsstaat der ODR-VO niedergelassen sind, haben die M\u00f6glichkeit Probleme bez\u00fcglich dem entgeltlichen Kauf von Waren [&hellip;]\" \/>\n<meta property=\"og:url\" content=\"https:\/\/goldenratio.at\/de\/impressum\/\" \/>\n<meta property=\"og:site_name\" content=\"Golden Ratio\" \/>\n<meta property=\"article:modified_time\" content=\"2024-11-29T11:06:38+00:00\" \/>\n<meta name=\"twitter:card\" content=\"summary_large_image\" \/>\n<meta name=\"twitter:label1\" content=\"Gesch\u00e4tzte Lesezeit\" \/>\n\t<meta name=\"twitter:data1\" content=\"1\u00a0Minute\" \/>\n<script type=\"application\/ld+json\" class=\"yoast-schema-graph\">{\"@context\":\"https:\/\/schema.org\",\"@graph\":[{\"@type\":\"WebPage\",\"@id\":\"https:\/\/goldenratio.at\/impressum\/\",\"url\":\"https:\/\/goldenratio.at\/impressum\/\",\"name\":\"Impressum - Golden Ratio\",\"isPartOf\":{\"@id\":\"https:\/\/goldenratio.at\/#website\"},\"datePublished\":\"2024-11-29T11:04:11+00:00\",\"dateModified\":\"2024-11-29T11:06:38+00:00\",\"breadcrumb\":{\"@id\":\"https:\/\/goldenratio.at\/impressum\/#breadcrumb\"},\"inLanguage\":\"de\",\"potentialAction\":[{\"@type\":\"ReadAction\",\"target\":[\"https:\/\/goldenratio.at\/impressum\/\"]}]},{\"@type\":\"BreadcrumbList\",\"@id\":\"https:\/\/goldenratio.at\/impressum\/#breadcrumb\",\"itemListElement\":[{\"@type\":\"ListItem\",\"position\":1,\"name\":\"Home\",\"item\":\"https:\/\/goldenratio.at\/\"},{\"@type\":\"ListItem\",\"position\":2,\"name\":\"Impressum\"}]},{\"@type\":\"WebSite\",\"@id\":\"https:\/\/goldenratio.at\/#website\",\"url\":\"https:\/\/goldenratio.at\/\",\"name\":\"Golden Ratio\",\"description\":\"machined to proportion\",\"publisher\":{\"@id\":\"https:\/\/goldenratio.at\/#organization\"},\"potentialAction\":[{\"@type\":\"SearchAction\",\"target\":{\"@type\":\"EntryPoint\",\"urlTemplate\":\"https:\/\/goldenratio.at\/?s={search_term_string}\"},\"query-input\":{\"@type\":\"PropertyValueSpecification\",\"valueRequired\":true,\"valueName\":\"search_term_string\"}}],\"inLanguage\":\"de\"},{\"@type\":\"Organization\",\"@id\":\"https:\/\/goldenratio.at\/#organization\",\"name\":\"Golden Ratio\",\"url\":\"https:\/\/goldenratio.at\/\",\"logo\":{\"@type\":\"ImageObject\",\"inLanguage\":\"de\",\"@id\":\"https:\/\/goldenratio.at\/#\/schema\/logo\/image\/\",\"url\":\"https:\/\/goldenratio.at\/wp-content\/uploads\/2023\/10\/GR_Logo_V1.3_gold.webp\",\"contentUrl\":\"https:\/\/goldenratio.at\/wp-content\/uploads\/2023\/10\/GR_Logo_V1.3_gold.webp\",\"width\":670,\"height\":509,\"caption\":\"Golden Ratio\"},\"image\":{\"@id\":\"https:\/\/goldenratio.at\/#\/schema\/logo\/image\/\"},\"sameAs\":[\"https:\/\/instagr.am\/gr.cnc\"]}]}<\/script>\n<!-- \/ Yoast SEO plugin. -->","yoast_head_json":{"title":"Impressum - Golden Ratio","robots":{"index":"index","follow":"follow","max-snippet":"max-snippet:-1","max-image-preview":"max-image-preview:large","max-video-preview":"max-video-preview:-1"},"canonical":"https:\/\/goldenratio.at\/de\/impressum\/","og_locale":"de_DE","og_type":"article","og_title":"Impressum - Golden Ratio","og_description":"Impressum Informationen und Offenlegung gem\u00e4\u00df \u00a75 (1) ECG, \u00a7 25 MedienG, \u00a7 63 GewO und \u00a7 14 UGB Webseitenbetreiber:\u00a0Benedict Heinzl Anschrift:\u00a0Underreingasse 43, 1140 Wien UID-Nr:\u00a0ATU67675688Gewerbeaufsichtbeh\u00f6rde: Wien Kontaktdaten:Telefon: 069919923108Email: office@goldenratio.at Anwendbare Rechtsvorschrift:\u00a0www.ris.bka.gv.atBerufsbezeichnung: Online Streitbeilegung:\u00a0Verbraucher, welche in \u00d6sterreich oder in einem sonstigen Vertragsstaat der ODR-VO niedergelassen sind, haben die M\u00f6glichkeit Probleme bez\u00fcglich dem entgeltlichen Kauf von Waren [&hellip;]","og_url":"https:\/\/goldenratio.at\/de\/impressum\/","og_site_name":"Golden Ratio","article_modified_time":"2024-11-29T11:06:38+00:00","twitter_card":"summary_large_image","twitter_misc":{"Gesch\u00e4tzte Lesezeit":"1\u00a0Minute"},"schema":{"@context":"https:\/\/schema.org","@graph":[{"@type":"WebPage","@id":"https:\/\/goldenratio.at\/impressum\/","url":"https:\/\/goldenratio.at\/impressum\/","name":"Impressum - Golden Ratio","isPartOf":{"@id":"https:\/\/goldenratio.at\/#website"},"datePublished":"2024-11-29T11:04:11+00:00","dateModified":"2024-11-29T11:06:38+00:00","breadcrumb":{"@id":"https:\/\/goldenratio.at\/impressum\/#breadcrumb"},"inLanguage":"de","potentialAction":[{"@type":"ReadAction","target":["https:\/\/goldenratio.at\/impressum\/"]}]},{"@type":"BreadcrumbList","@id":"https:\/\/goldenratio.at\/impressum\/#breadcrumb","itemListElement":[{"@type":"ListItem","position":1,"name":"Home","item":"https:\/\/goldenratio.at\/"},{"@type":"ListItem","position":2,"name":"Impressum"}]},{"@type":"WebSite","@id":"https:\/\/goldenratio.at\/#website","url":"https:\/\/goldenratio.at\/","name":"Golden Ratio","description":"machined to proportion","publisher":{"@id":"https:\/\/goldenratio.at\/#organization"},"potentialAction":[{"@type":"SearchAction","target":{"@type":"EntryPoint","urlTemplate":"https:\/\/goldenratio.at\/?s={search_term_string}"},"query-input":{"@type":"PropertyValueSpecification","valueRequired":true,"valueName":"search_term_string"}}],"inLanguage":"de"},{"@type":"Organization","@id":"https:\/\/goldenratio.at\/#organization","name":"Golden Ratio","url":"https:\/\/goldenratio.at\/","logo":{"@type":"ImageObject","inLanguage":"de","@id":"https:\/\/goldenratio.at\/#\/schema\/logo\/image\/","url":"https:\/\/goldenratio.at\/wp-content\/uploads\/2023\/10\/GR_Logo_V1.3_gold.webp","contentUrl":"https:\/\/goldenratio.at\/wp-content\/uploads\/2023\/10\/GR_Logo_V1.3_gold.webp","width":670,"height":509,"caption":"Golden Ratio"},"image":{"@id":"https:\/\/goldenratio.at\/#\/schema\/logo\/image\/"},"sameAs":["https:\/\/instagr.am\/gr.cnc"]}]}},"jetpack_sharing_enabled":true,"_links":{"self":[{"href":"https:\/\/goldenratio.at\/de\/wp-json\/wp\/v2\/pages\/425","targetHints":{"allow":["GET"]}}],"collection":[{"href":"https:\/\/goldenratio.at\/de\/wp-json\/wp\/v2\/pages"}],"about":[{"href":"https:\/\/goldenratio.at\/de\/wp-json\/wp\/v2\/types\/page"}],"author":[{"embeddable":true,"href":"https:\/\/goldenratio.at\/de\/wp-json\/wp\/v2\/users\/1"}],"replies":[{"embeddable":true,"href":"https:\/\/goldenratio.at\/de\/wp-json\/wp\/v2\/comments?post=425"}],"version-history":[{"count":6,"href":"https:\/\/goldenratio.at\/de\/wp-json\/wp\/v2\/pages\/425\/revisions"}],"predecessor-version":[{"id":431,"href":"https:\/\/goldenratio.at\/de\/wp-json\/wp\/v2\/pages\/425\/revisions\/431"}],"wp:attachment":[{"href":"https:\/\/goldenratio.at\/de\/wp-json\/wp\/v2\/media?parent=425"}],"curies":[{"name":"wp","href":"https:\/\/api.w.org\/{rel}","templated":true}]}}