{"id":283,"date":"2023-10-27T16:00:29","date_gmt":"2023-10-27T16:00:29","guid":{"rendered":"https:\/\/goldenratio.at\/?post_type=product&#038;p=283"},"modified":"2024-11-29T11:32:00","modified_gmt":"2024-11-29T11:32:00","slug":"notepad-with-integrated-light-for-better-sleep-walnut","status":"publish","type":"product","link":"https:\/\/goldenratio.at\/de\/produkt\/notepad-with-integrated-light-for-better-sleep-walnut\/","title":{"rendered":"Epiphany Luxe \u2013 Walnuss"},"content":{"rendered":"<p>Entdeckt den perfekten Begleiter f\u00fcr's Nachttischchen \u2013 f\u00fcr klare K\u00f6pfe und gute Gewohnheiten. Unser Notizblock leuchtet sanft auf, wenn du bereit bist, Gedanken festzuhalten. So kannst du n\u00e4chtliche Einf\u00e4lle notieren, Gewohnheiten verfolgen oder Tagebuch schreiben, ohne deinen Schlaf oder den deines Partners zu st\u00f6ren. Es ist nicht nur ein Notizblock, es ist ein Ritual f\u00fcr bessere Morgen<\/p>\n<ul>\n<li>ein Platz f\u00fcr Notizen mir integriertem Licht und automatischer Stifterkennung<\/li>\n<li>drei Modi AN - AUS - AUTOMATISCH<\/li>\n<li>l\u00e4uft mit zwei AA Batterien<\/li>\n<li>die Batterien halten Monatelang durch unser energieeffizientes Design<\/li>\n<li>hergestellt aus Nachhaltig produziertem Hartholz<\/li>\n<li>akzentuiert mit edlen Messing Teilen<\/li>\n<li>entworfen und produziert in \u00d6sterreich<\/li>\n<\/ul>\n<p>&nbsp;<\/p>","protected":false},"excerpt":{"rendered":"<p>Perfekt f\u00fcr klare Gedanken in der Nacht: Unser Notizblock leuchtet sanft, damit du ungest\u00f6rt nachdenken und wieder schlafen kannst.<\/p>","protected":false},"featured_media":435,"template":"","meta":[],"product_brand":[],"product_cat":[33],"product_tag":[],"class_list":{"0":"post-283","1":"product","2":"type-product","3":"status-publish","4":"has-post-thumbnail","6":"product_cat-epiphany","8":"first","9":"instock","10":"taxable","11":"shipping-taxable","12":"purchasable","13":"product-type-simple"},"yoast_head":"<!-- This site is optimized with the Yoast SEO plugin v24.1 - https:\/\/yoast.com\/wordpress\/plugins\/seo\/ -->\n<title>A notepad with integrated light - Epiphany Luxe - Walnut - Golden Ratio<\/title>\n<meta name=\"description\" content=\"A notepad with integrated light that gently lights up when you take the pen. Ready for your Ideas at any time of day. Think. Write. Sleep.\" \/>\n<meta name=\"robots\" content=\"index, follow, max-snippet:-1, max-image-preview:large, max-video-preview:-1\" \/>\n<link rel=\"canonical\" href=\"https:\/\/goldenratio.at\/de\/produkt\/notepad-with-integrated-light-for-better-sleep-walnut\/\" \/>\n<meta property=\"og:locale\" content=\"de_DE\" \/>\n<meta property=\"og:type\" content=\"article\" \/>\n<meta property=\"og:title\" content=\"A notepad with integrated light - Epiphany Luxe - Walnut - Golden Ratio\" \/>\n<meta property=\"og:description\" content=\"A notepad with integrated light that gently lights up when you take the pen. Ready for your Ideas at any time of day. Think. Write. Sleep.\" \/>\n<meta property=\"og:url\" content=\"https:\/\/goldenratio.at\/de\/produkt\/notepad-with-integrated-light-for-better-sleep-walnut\/\" \/>\n<meta property=\"og:site_name\" content=\"Golden Ratio\" \/>\n<meta property=\"article:modified_time\" content=\"2024-11-29T11:32:00+00:00\" \/>\n<meta property=\"og:image\" content=\"https:\/\/goldenratio.at\/wp-content\/uploads\/2023\/10\/Epiphany-OakLumina-136-1024x1024.png\" \/>\n\t<meta property=\"og:image:width\" content=\"1024\" \/>\n\t<meta property=\"og:image:height\" content=\"1024\" \/>\n\t<meta property=\"og:image:type\" content=\"image\/png\" \/>\n<meta name=\"twitter:card\" content=\"summary_large_image\" \/>\n<meta name=\"twitter:label1\" content=\"Gesch\u00e4tzte Lesezeit\" \/>\n\t<meta name=\"twitter:data1\" content=\"1\u00a0Minute\" \/>\n<script type=\"application\/ld+json\" class=\"yoast-schema-graph\">{\"@context\":\"https:\/\/schema.org\",\"@graph\":[{\"@type\":\"WebPage\",\"@id\":\"https:\/\/goldenratio.at\/product\/notepad-with-integrated-light-for-better-sleep-walnut\/\",\"url\":\"https:\/\/goldenratio.at\/product\/notepad-with-integrated-light-for-better-sleep-walnut\/\",\"name\":\"A notepad with integrated light - Epiphany Luxe - Walnut - Golden Ratio\",\"isPartOf\":{\"@id\":\"https:\/\/goldenratio.at\/#website\"},\"primaryImageOfPage\":{\"@id\":\"https:\/\/goldenratio.at\/product\/notepad-with-integrated-light-for-better-sleep-walnut\/#primaryimage\"},\"image\":{\"@id\":\"https:\/\/goldenratio.at\/product\/notepad-with-integrated-light-for-better-sleep-walnut\/#primaryimage\"},\"thumbnailUrl\":\"https:\/\/goldenratio.at\/wp-content\/uploads\/2023\/10\/Epiphany-OakLumina-136.png\",\"datePublished\":\"2023-10-27T16:00:29+00:00\",\"dateModified\":\"2024-11-29T11:32:00+00:00\",\"description\":\"A notepad with integrated light that gently lights up when you take the pen. Ready for your Ideas at any time of day. Think. Write. Sleep.\",\"breadcrumb\":{\"@id\":\"https:\/\/goldenratio.at\/product\/notepad-with-integrated-light-for-better-sleep-walnut\/#breadcrumb\"},\"inLanguage\":\"de\",\"potentialAction\":[{\"@type\":\"ReadAction\",\"target\":[\"https:\/\/goldenratio.at\/product\/notepad-with-integrated-light-for-better-sleep-walnut\/\"]}]},{\"@type\":\"ImageObject\",\"inLanguage\":\"de\",\"@id\":\"https:\/\/goldenratio.at\/product\/notepad-with-integrated-light-for-better-sleep-walnut\/#primaryimage\",\"url\":\"https:\/\/goldenratio.at\/wp-content\/uploads\/2023\/10\/Epiphany-OakLumina-136.png\",\"contentUrl\":\"https:\/\/goldenratio.at\/wp-content\/uploads\/2023\/10\/Epiphany-OakLumina-136.png\",\"width\":1500,\"height\":1500},{\"@type\":\"BreadcrumbList\",\"@id\":\"https:\/\/goldenratio.at\/product\/notepad-with-integrated-light-for-better-sleep-walnut\/#breadcrumb\",\"itemListElement\":[{\"@type\":\"ListItem\",\"position\":1,\"name\":\"Home\",\"item\":\"https:\/\/goldenratio.at\/\"},{\"@type\":\"ListItem\",\"position\":2,\"name\":\"Products\",\"item\":\"https:\/\/goldenratio.at\/shop\/\"},{\"@type\":\"ListItem\",\"position\":3,\"name\":\"Epiphany Luxe &#8211; Walnut\"}]},{\"@type\":\"WebSite\",\"@id\":\"https:\/\/goldenratio.at\/#website\",\"url\":\"https:\/\/goldenratio.at\/\",\"name\":\"Golden Ratio\",\"description\":\"machined to proportion\",\"publisher\":{\"@id\":\"https:\/\/goldenratio.at\/#organization\"},\"potentialAction\":[{\"@type\":\"SearchAction\",\"target\":{\"@type\":\"EntryPoint\",\"urlTemplate\":\"https:\/\/goldenratio.at\/?s={search_term_string}\"},\"query-input\":{\"@type\":\"PropertyValueSpecification\",\"valueRequired\":true,\"valueName\":\"search_term_string\"}}],\"inLanguage\":\"de\"},{\"@type\":\"Organization\",\"@id\":\"https:\/\/goldenratio.at\/#organization\",\"name\":\"Golden Ratio\",\"url\":\"https:\/\/goldenratio.at\/\",\"logo\":{\"@type\":\"ImageObject\",\"inLanguage\":\"de\",\"@id\":\"https:\/\/goldenratio.at\/#\/schema\/logo\/image\/\",\"url\":\"https:\/\/goldenratio.at\/wp-content\/uploads\/2023\/10\/GR_Logo_V1.3_gold.webp\",\"contentUrl\":\"https:\/\/goldenratio.at\/wp-content\/uploads\/2023\/10\/GR_Logo_V1.3_gold.webp\",\"width\":670,\"height\":509,\"caption\":\"Golden Ratio\"},\"image\":{\"@id\":\"https:\/\/goldenratio.at\/#\/schema\/logo\/image\/\"},\"sameAs\":[\"https:\/\/instagr.am\/gr.cnc\"]}]}<\/script>\n<!-- \/ Yoast SEO plugin. -->","yoast_head_json":{"title":"A notepad with integrated light - Epiphany Luxe - Walnut - Golden Ratio","description":"A notepad with integrated light that gently lights up when you take the pen. Ready for your Ideas at any time of day. Think. Write. Sleep.","robots":{"index":"index","follow":"follow","max-snippet":"max-snippet:-1","max-image-preview":"max-image-preview:large","max-video-preview":"max-video-preview:-1"},"canonical":"https:\/\/goldenratio.at\/de\/produkt\/notepad-with-integrated-light-for-better-sleep-walnut\/","og_locale":"de_DE","og_type":"article","og_title":"A notepad with integrated light - Epiphany Luxe - Walnut - Golden Ratio","og_description":"A notepad with integrated light that gently lights up when you take the pen. Ready for your Ideas at any time of day. Think. Write. Sleep.","og_url":"https:\/\/goldenratio.at\/de\/produkt\/notepad-with-integrated-light-for-better-sleep-walnut\/","og_site_name":"Golden Ratio","article_modified_time":"2024-11-29T11:32:00+00:00","og_image":[{"width":1024,"height":1024,"url":"https:\/\/goldenratio.at\/wp-content\/uploads\/2023\/10\/Epiphany-OakLumina-136-1024x1024.png","type":"image\/png"}],"twitter_card":"summary_large_image","twitter_misc":{"Gesch\u00e4tzte Lesezeit":"1\u00a0Minute"},"schema":{"@context":"https:\/\/schema.org","@graph":[{"@type":"WebPage","@id":"https:\/\/goldenratio.at\/product\/notepad-with-integrated-light-for-better-sleep-walnut\/","url":"https:\/\/goldenratio.at\/product\/notepad-with-integrated-light-for-better-sleep-walnut\/","name":"A notepad with integrated light - Epiphany Luxe - Walnut - Golden Ratio","isPartOf":{"@id":"https:\/\/goldenratio.at\/#website"},"primaryImageOfPage":{"@id":"https:\/\/goldenratio.at\/product\/notepad-with-integrated-light-for-better-sleep-walnut\/#primaryimage"},"image":{"@id":"https:\/\/goldenratio.at\/product\/notepad-with-integrated-light-for-better-sleep-walnut\/#primaryimage"},"thumbnailUrl":"https:\/\/goldenratio.at\/wp-content\/uploads\/2023\/10\/Epiphany-OakLumina-136.png","datePublished":"2023-10-27T16:00:29+00:00","dateModified":"2024-11-29T11:32:00+00:00","description":"A notepad with integrated light that gently lights up when you take the pen. Ready for your Ideas at any time of day. Think. Write. Sleep.","breadcrumb":{"@id":"https:\/\/goldenratio.at\/product\/notepad-with-integrated-light-for-better-sleep-walnut\/#breadcrumb"},"inLanguage":"de","potentialAction":[{"@type":"ReadAction","target":["https:\/\/goldenratio.at\/product\/notepad-with-integrated-light-for-better-sleep-walnut\/"]}]},{"@type":"ImageObject","inLanguage":"de","@id":"https:\/\/goldenratio.at\/product\/notepad-with-integrated-light-for-better-sleep-walnut\/#primaryimage","url":"https:\/\/goldenratio.at\/wp-content\/uploads\/2023\/10\/Epiphany-OakLumina-136.png","contentUrl":"https:\/\/goldenratio.at\/wp-content\/uploads\/2023\/10\/Epiphany-OakLumina-136.png","width":1500,"height":1500},{"@type":"BreadcrumbList","@id":"https:\/\/goldenratio.at\/product\/notepad-with-integrated-light-for-better-sleep-walnut\/#breadcrumb","itemListElement":[{"@type":"ListItem","position":1,"name":"Home","item":"https:\/\/goldenratio.at\/"},{"@type":"ListItem","position":2,"name":"Products","item":"https:\/\/goldenratio.at\/shop\/"},{"@type":"ListItem","position":3,"name":"Epiphany Luxe &#8211; Walnut"}]},{"@type":"WebSite","@id":"https:\/\/goldenratio.at\/#website","url":"https:\/\/goldenratio.at\/","name":"Golden Ratio","description":"machined to proportion","publisher":{"@id":"https:\/\/goldenratio.at\/#organization"},"potentialAction":[{"@type":"SearchAction","target":{"@type":"EntryPoint","urlTemplate":"https:\/\/goldenratio.at\/?s={search_term_string}"},"query-input":{"@type":"PropertyValueSpecification","valueRequired":true,"valueName":"search_term_string"}}],"inLanguage":"de"},{"@type":"Organization","@id":"https:\/\/goldenratio.at\/#organization","name":"Golden Ratio","url":"https:\/\/goldenratio.at\/","logo":{"@type":"ImageObject","inLanguage":"de","@id":"https:\/\/goldenratio.at\/#\/schema\/logo\/image\/","url":"https:\/\/goldenratio.at\/wp-content\/uploads\/2023\/10\/GR_Logo_V1.3_gold.webp","contentUrl":"https:\/\/goldenratio.at\/wp-content\/uploads\/2023\/10\/GR_Logo_V1.3_gold.webp","width":670,"height":509,"caption":"Golden Ratio"},"image":{"@id":"https:\/\/goldenratio.at\/#\/schema\/logo\/image\/"},"sameAs":["https:\/\/instagr.am\/gr.cnc"]}]}},"jetpack_sharing_enabled":true,"_links":{"self":[{"href":"https:\/\/goldenratio.at\/de\/wp-json\/wp\/v2\/product\/283","targetHints":{"allow":["GET"]}}],"collection":[{"href":"https:\/\/goldenratio.at\/de\/wp-json\/wp\/v2\/product"}],"about":[{"href":"https:\/\/goldenratio.at\/de\/wp-json\/wp\/v2\/types\/product"}],"wp:featuredmedia":[{"embeddable":true,"href":"https:\/\/goldenratio.at\/de\/wp-json\/wp\/v2\/media\/435"}],"wp:attachment":[{"href":"https:\/\/goldenratio.at\/de\/wp-json\/wp\/v2\/media?parent=283"}],"wp:term":[{"taxonomy":"product_brand","embeddable":true,"href":"https:\/\/goldenratio.at\/de\/wp-json\/wp\/v2\/product_brand?post=283"},{"taxonomy":"product_cat","embeddable":true,"href":"https:\/\/goldenratio.at\/de\/wp-json\/wp\/v2\/product_cat?post=283"},{"taxonomy":"product_tag","embeddable":true,"href":"https:\/\/goldenratio.at\/de\/wp-json\/wp\/v2\/product_tag?post=283"}],"curies":[{"name":"wp","href":"https:\/\/api.w.org\/{rel}","templated":true}]}}